{"id":1297,"date":"2020-04-28T15:57:36","date_gmt":"2020-04-28T15:57:36","guid":{"rendered":"https:\/\/thoffi.info\/?page_id=1297"},"modified":"2023-10-26T11:06:40","modified_gmt":"2023-10-26T11:06:40","slug":"metody-platnosci-i-dostawy","status":"publish","type":"page","link":"https:\/\/thoffi.info\/index.php\/metody-platnosci-i-dostawy\/","title":{"rendered":"Metody p\u0142atno\u015bci i dostawy"},"content":{"rendered":"\n<p> Klient mo\u017ce skorzysta\u0107 z nast\u0119puj\u0105cych metod p\u0142atno\u015bci:<\/p>\n\n\n\n<ol class=\"wp-block-list\">\n<li> P\u0142atno\u015b\u0107 przelewem na konto Sprzedawcy <\/li>\n\n\n\n<li>Szybkie p\u0142atno\u015bci <strong>Autopay S.A.<\/strong><\/li>\n\n\n\n<li>P\u0142atno\u015b\u0107 Blik<\/li>\n\n\n\n<li>Karty p\u0142atnicze:<\/li>\n<\/ol>\n\n\n\n<ol class=\"wp-block-list\">\n<li>* Visa<\/li>\n\n\n\n<li>* Visa Electron<\/li>\n\n\n\n<li>* Mastercard<\/li>\n\n\n\n<li>* MasterCard Electronic<\/li>\n\n\n\n<li>* Maestro\u201d<\/li>\n<\/ol>\n\n\n\n<p>Klient mo\u017ce skorzysta\u0107 z nast\u0119puj\u0105cych metod dostawy produktu:<\/p>\n\n\n\n<ol class=\"wp-block-list\">\n<li>Przesy\u0142ka do paczkomat\u00f3w Inpost, przedp\u0142ata na konto sklepu,<\/li>\n\n\n\n<li>Przesy\u0142ka kurierska, przedp\u0142ata na konto sklepu,<\/li>\n<\/ol>\n\n\n\n<p>Wszystkie wysy\u0142ki s\u0105 realizowane w ci\u0105gu 3 dni roboczych od momentu zaksi\u0119gowania wp\u0142aty<\/p>\n\n\n\n<p><\/p>\n\n\n\n<figure class=\"wp-block-image size-full is-resized\"><img data-recalc-dims=\"1\" loading=\"lazy\" decoding=\"async\" width=\"640\" height=\"160\" src=\"https:\/\/i0.wp.com\/thoffi.info\/wp-content\/uploads\/2023\/10\/647x162-bank.png?resize=640%2C160&#038;ssl=1\" alt=\"\" class=\"wp-image-3943\" style=\"aspect-ratio:3.993827160493827;width:840px;height:auto\" srcset=\"https:\/\/i0.wp.com\/thoffi.info\/wp-content\/uploads\/2023\/10\/647x162-bank.png?w=647&amp;ssl=1 647w, https:\/\/i0.wp.com\/thoffi.info\/wp-content\/uploads\/2023\/10\/647x162-bank.png?resize=300%2C75&amp;ssl=1 300w, https:\/\/i0.wp.com\/thoffi.info\/wp-content\/uploads\/2023\/10\/647x162-bank.png?resize=600%2C150&amp;ssl=1 600w\" sizes=\"auto, (max-width: 640px) 100vw, 640px\" \/><\/figure>\n\n\n\n<figure class=\"wp-block-gallery has-nested-images columns-default is-cropped wp-block-gallery-1 is-layout-flex wp-block-gallery-is-layout-flex\">\n<figure class=\"wp-block-image size-large\"><img data-recalc-dims=\"1\" loading=\"lazy\" decoding=\"async\" width=\"640\" height=\"75\" data-id=\"3945\" src=\"https:\/\/i0.wp.com\/thoffi.info\/wp-content\/uploads\/2023\/10\/768x90-pay-1.png?resize=640%2C75&#038;ssl=1\" alt=\"\" class=\"wp-image-3945\" srcset=\"https:\/\/i0.wp.com\/thoffi.info\/wp-content\/uploads\/2023\/10\/768x90-pay-1.png?w=768&amp;ssl=1 768w, https:\/\/i0.wp.com\/thoffi.info\/wp-content\/uploads\/2023\/10\/768x90-pay-1.png?resize=300%2C35&amp;ssl=1 300w, https:\/\/i0.wp.com\/thoffi.info\/wp-content\/uploads\/2023\/10\/768x90-pay-1.png?resize=600%2C70&amp;ssl=1 600w\" sizes=\"auto, (max-width: 640px) 100vw, 640px\" \/><\/figure>\n<\/figure>\n","protected":false},"excerpt":{"rendered":"<p>Klient mo\u017ce skorzysta\u0107 z nast\u0119puj\u0105cych metod p\u0142atno\u015bci: Klient mo\u017ce skorzysta\u0107 z nast\u0119puj\u0105cych metod dostawy produktu: Wszystkie wysy\u0142ki s\u0105 realizowane w ci\u0105gu 3 dni roboczych od [&hellip;]<\/p>\n","protected":false},"author":1,"featured_media":0,"parent":0,"menu_order":0,"comment_status":"closed","ping_status":"closed","template":"","meta":{"footnotes":""},"class_list":["post-1297","page","type-page","status-publish","hentry"],"jetpack_sharing_enabled":true,"_links":{"self":[{"href":"https:\/\/thoffi.info\/index.php\/wp-json\/wp\/v2\/pages\/1297","targetHints":{"allow":["GET"]}}],"collection":[{"href":"https:\/\/thoffi.info\/index.php\/wp-json\/wp\/v2\/pages"}],"about":[{"href":"https:\/\/thoffi.info\/index.php\/wp-json\/wp\/v2\/types\/page"}],"author":[{"embeddable":true,"href":"https:\/\/thoffi.info\/index.php\/wp-json\/wp\/v2\/users\/1"}],"replies":[{"embeddable":true,"href":"https:\/\/thoffi.info\/index.php\/wp-json\/wp\/v2\/comments?post=1297"}],"version-history":[{"count":12,"href":"https:\/\/thoffi.info\/index.php\/wp-json\/wp\/v2\/pages\/1297\/revisions"}],"predecessor-version":[{"id":3949,"href":"https:\/\/thoffi.info\/index.php\/wp-json\/wp\/v2\/pages\/1297\/revisions\/3949"}],"wp:attachment":[{"href":"https:\/\/thoffi.info\/index.php\/wp-json\/wp\/v2\/media?parent=1297"}],"curies":[{"name":"wp","href":"https:\/\/api.w.org\/{rel}","templated":true}]}}